{"id":162,"date":"2020-05-07T19:57:20","date_gmt":"2020-05-07T19:57:20","guid":{"rendered":"http:\/\/martinalegrechef.com\/?page_id=162"},"modified":"2022-08-09T20:32:00","modified_gmt":"2022-08-09T20:32:00","slug":"catering","status":"publish","type":"page","link":"https:\/\/martinalegrechef.com\/de_CH\/catering\/","title":{"rendered":"PRIVATKOCH"},"content":{"rendered":"\n<figure class=\"wp-block-image alignfull size-large\"><img width=\"960\" height=\"640\" class=\"wp-image-270\" src=\"http:\/\/martinalegrechef.com\/wp-content\/uploads\/2020\/05\/catering-portada.jpg\" alt=\"\" srcset=\"https:\/\/martinalegrechef.com\/wp-content\/uploads\/2020\/05\/catering-portada.jpg 960w, https:\/\/martinalegrechef.com\/wp-content\/uploads\/2020\/05\/catering-portada-300x200.jpg 300w, https:\/\/martinalegrechef.com\/wp-content\/uploads\/2020\/05\/catering-portada-768x512.jpg 768w\" sizes=\"(max-width: 960px) 100vw, 960px\" \/><\/figure>\n\n<h2>Privatkoch<\/h2>\n\n<p>Jede Anfrage, jede Veranstaltung, jedes Fest ist einzigartig. Wie jeder Augenblick, in dem wir leben &#8211; einmalig und unersetzlich. Mein Hauptanliegen ist es, auf Ihre ganz speziellen und individuellen Bed\u00fcrfnisse und W\u00fcnsche einzugehen. Denn in meiner Arbeit steckt viel Herz.<br \/>Sei es ein Gesch\u00e4ftsessen, eine Familienfeier, ein Candlelight Dinner oder einfach ein gem\u00fctlicher Abend mit guten Freunden &#8211; schauen Sie dem K\u00fcchenchef \u00fcber die Schulter und seien Sie Gast und Gastgeber in einer Person.<br \/><br \/><strong>Mein Dienst: <\/strong><br \/>Neben festgelegten Men\u00fcs k\u00f6nnen wir ein mehrg\u00e4ngiges Men\u00fc nach Ihren W\u00fcnschen zusammenstellen und dessen Preis berechnen. Entsprechend Ihren Preisvorstellungen kaufe ich frische und biologische Produkte auf dem Markt ein und bringe diese zu Ihnen nach Hause. Nach Ihrem Zeitplan koche und bereite \u00a0ich das Men\u00fc mit viel Liebe zu und gebe Ihnen gerne weitere Tipps und Tricks. Abschliessend wird die K\u00fcche durch mich gereinigt. Weitere W\u00fcnsche wie die Verwendung von zus\u00e4tzlichem Geschirr, Dekoration oder der Einsatz von Servicepersonal werden im Vorfeld gekl\u00e4rt.\u00a0<\/p>\n\n<h3>Meine Dienstleistungen umfassen:\u00a0<\/h3>\n\n<p>&#8211; Vorabbesprechung des Men\u00fcs<br \/>&#8211; Definition der G\u00e4nge<br \/>&#8211; Preisberechnung<br \/>&#8211; Auswahl der Produkte<br \/>&#8211; Einkauf von frischen und biologischen Produkten<br \/>&#8211; Zubereitung des Essens in Ihrer K\u00fcche<br \/>&#8211; Reinigung der K\u00fcche<br \/>&#8211; Auf Anfrage: Dekoration, zus\u00e4tzliches Geschirr, Servicepersonal<\/p>\n<hr class=\"wp-block-separator is-style-dots\" \/>\n<h3 class=\"has-text-align-center\">Anfragen<\/h3>\n\n<p class=\"has-text-align-center\">Mobiltelefon:+41 76 571 01 81<br \/>Email:\u00a0<a href=\"mailto:martinalegre.gastronomia@gmail.com\" target=\"_blank\" rel=\"noreferrer noopener\">martinalegre.gastronomia@gmail.com<\/a><\/p>\n\n<div class=\"wp-container-1 wp-block-buttons aligncenter\">\n<div class=\"wp-block-button is-style-fill\">\u00a0<\/div>\n<\/div>\n\n<h2>\u00a0<\/h2>\n<h2>CATERING SERVICE<\/h2>\n<p><iframe title=\"MA   Catering Boda\" width=\"1200\" height=\"675\" src=\"https:\/\/www.youtube.com\/embed\/AqRf3ohQ8Fc?feature=oembed\" frameborder=\"0\" allow=\"accelerometer; autoplay; clipboard-write; encrypted-media; gyroscope; picture-in-picture\" allowfullscreen><\/iframe><\/p>\n<p><iframe title=\"MA   La Gran Carrera\" width=\"1200\" height=\"675\" src=\"https:\/\/www.youtube.com\/embed\/EFcFgd5uUVw?feature=oembed\" frameborder=\"0\" allow=\"accelerometer; autoplay; clipboard-write; encrypted-media; gyroscope; picture-in-picture\" allowfullscreen><\/iframe><\/p>\n\n<figure class=\"wp-block-embed-youtube wp-block-embed is-type-video is-provider-youtube wp-embed-aspect-16-9 wp-has-aspect-ratio\">\n<div class=\"wp-block-embed__wrapper\">\u00a0<\/div>\n<\/figure>\n\n<p>\u00a0<\/p>\n","protected":false},"excerpt":{"rendered":"<p><!-- wp:image {\"align\":\"full\",\"id\":270,\"sizeSlug\":\"large\"} --><\/p>\n<figure class=\"wp-block-image alignfull size-large\"><img width=\"960\" height=\"640\" class=\"wp-image-270\" src=\"http:\/\/martinalegrechef.com\/wp-content\/uploads\/2020\/05\/catering-portada.jpg\" alt=\"\" srcset=\"https:\/\/martinalegrechef.com\/wp-content\/uploads\/2020\/05\/catering-portada.jpg 960w, https:\/\/martinalegrechef.com\/wp-content\/uploads\/2020\/05\/catering-portada-300x200.jpg 300w, https:\/\/martinalegrechef.com\/wp-content\/uploads\/2020\/05\/catering-portada-768x512.jpg 768w\" sizes=\"(max-width: 960px) 100vw, 960px\" \/><\/figure>\n<p><!-- \/wp...\n<\/p>\n","protected":false},"author":1,"featured_media":0,"parent":0,"menu_order":0,"comment_status":"closed","ping_status":"closed","template":"","meta":[],"yoast_head":"<!-- This site is optimized with the Yoast SEO plugin v19.6 - https:\/\/yoast.com\/wordpress\/plugins\/seo\/ -->\n<title>PRIVATKOCH - Martin Alegre<\/title>\n<meta name=\"robots\" content=\"index, follow, max-snippet:-1, max-image-preview:large, max-video-preview:-1\" \/>\n<link rel=\"canonical\" href=\"https:\/\/martinalegrechef.com\/en_GB\/catering\/\" \/>\n<meta property=\"og:locale\" content=\"es_ES\" \/>\n<meta property=\"og:type\" content=\"article\" \/>\n<meta property=\"og:title\" content=\"PRIVATKOCH - Martin Alegre\" \/>\n<meta property=\"og:url\" content=\"https:\/\/martinalegrechef.com\/en_GB\/catering\/\" \/>\n<meta property=\"og:site_name\" content=\"Martin Alegre\" \/>\n<meta property=\"article:modified_time\" content=\"2022-08-09T20:32:00+00:00\" \/>\n<meta property=\"og:image\" content=\"http:\/\/martinalegrechef.com\/wp-content\/uploads\/2020\/05\/catering-portada.jpg\" \/>\n<meta name=\"twitter:card\" content=\"summary_large_image\" \/>\n<meta name=\"twitter:label1\" content=\"Tiempo de lectura\" \/>\n\t<meta name=\"twitter:data1\" content=\"1 minuto\" \/>\n<script type=\"application\/ld+json\" class=\"yoast-schema-graph\">{\"@context\":\"https:\/\/schema.org\",\"@graph\":[{\"@type\":\"WebPage\",\"@id\":\"https:\/\/martinalegrechef.com\/en_GB\/catering\/\",\"url\":\"https:\/\/martinalegrechef.com\/en_GB\/catering\/\",\"name\":\"PRIVATKOCH - Martin Alegre\",\"isPartOf\":{\"@id\":\"https:\/\/martinalegrechef.com\/de_CH\/#website\"},\"datePublished\":\"2020-05-07T19:57:20+00:00\",\"dateModified\":\"2022-08-09T20:32:00+00:00\",\"breadcrumb\":{\"@id\":\"https:\/\/martinalegrechef.com\/en_GB\/catering\/#breadcrumb\"},\"inLanguage\":\"es\",\"potentialAction\":[{\"@type\":\"ReadAction\",\"target\":[\"https:\/\/martinalegrechef.com\/en_GB\/catering\/\"]}]},{\"@type\":\"BreadcrumbList\",\"@id\":\"https:\/\/martinalegrechef.com\/en_GB\/catering\/#breadcrumb\",\"itemListElement\":[{\"@type\":\"ListItem\",\"position\":1,\"name\":\"Portada\",\"item\":\"https:\/\/martinalegrechef.com\/de_CH\/\"},{\"@type\":\"ListItem\",\"position\":2,\"name\":\"PRIVATE CHEF\u00a0\"}]},{\"@type\":\"WebSite\",\"@id\":\"https:\/\/martinalegrechef.com\/de_CH\/#website\",\"url\":\"https:\/\/martinalegrechef.com\/de_CH\/\",\"name\":\"Martin Alegre\",\"description\":\"Catering\",\"publisher\":{\"@id\":\"https:\/\/martinalegrechef.com\/de_CH\/#organization\"},\"potentialAction\":[{\"@type\":\"SearchAction\",\"target\":{\"@type\":\"EntryPoint\",\"urlTemplate\":\"https:\/\/martinalegrechef.com\/de_CH\/?s={search_term_string}\"},\"query-input\":\"required name=search_term_string\"}],\"inLanguage\":\"es\"},{\"@type\":\"Organization\",\"@id\":\"https:\/\/martinalegrechef.com\/de_CH\/#organization\",\"name\":\"Martin Alegre\",\"url\":\"https:\/\/martinalegrechef.com\/de_CH\/\",\"sameAs\":[],\"logo\":{\"@type\":\"ImageObject\",\"inLanguage\":\"es\",\"@id\":\"https:\/\/martinalegrechef.com\/de_CH\/#\/schema\/logo\/image\/\",\"url\":\"https:\/\/martinalegrechef.com\/wp-content\/uploads\/2020\/05\/logo-martin-alegre_Mesa-de-trabajo-1.png\",\"contentUrl\":\"https:\/\/martinalegrechef.com\/wp-content\/uploads\/2020\/05\/logo-martin-alegre_Mesa-de-trabajo-1.png\",\"width\":407,\"height\":108,\"caption\":\"Martin Alegre \"},\"image\":{\"@id\":\"https:\/\/martinalegrechef.com\/de_CH\/#\/schema\/logo\/image\/\"}}]}<\/script>\n<!-- \/ Yoast SEO plugin. -->","yoast_head_json":{"title":"PRIVATKOCH - Martin Alegre","robots":{"index":"index","follow":"follow","max-snippet":"max-snippet:-1","max-image-preview":"max-image-preview:large","max-video-preview":"max-video-preview:-1"},"canonical":"https:\/\/martinalegrechef.com\/en_GB\/catering\/","og_locale":"es_ES","og_type":"article","og_title":"PRIVATKOCH - Martin Alegre","og_url":"https:\/\/martinalegrechef.com\/en_GB\/catering\/","og_site_name":"Martin Alegre","article_modified_time":"2022-08-09T20:32:00+00:00","og_image":[{"url":"http:\/\/martinalegrechef.com\/wp-content\/uploads\/2020\/05\/catering-portada.jpg"}],"twitter_card":"summary_large_image","twitter_misc":{"Tiempo de lectura":"1 minuto"},"schema":{"@context":"https:\/\/schema.org","@graph":[{"@type":"WebPage","@id":"https:\/\/martinalegrechef.com\/en_GB\/catering\/","url":"https:\/\/martinalegrechef.com\/en_GB\/catering\/","name":"PRIVATKOCH - Martin Alegre","isPartOf":{"@id":"https:\/\/martinalegrechef.com\/de_CH\/#website"},"datePublished":"2020-05-07T19:57:20+00:00","dateModified":"2022-08-09T20:32:00+00:00","breadcrumb":{"@id":"https:\/\/martinalegrechef.com\/en_GB\/catering\/#breadcrumb"},"inLanguage":"es","potentialAction":[{"@type":"ReadAction","target":["https:\/\/martinalegrechef.com\/en_GB\/catering\/"]}]},{"@type":"BreadcrumbList","@id":"https:\/\/martinalegrechef.com\/en_GB\/catering\/#breadcrumb","itemListElement":[{"@type":"ListItem","position":1,"name":"Portada","item":"https:\/\/martinalegrechef.com\/de_CH\/"},{"@type":"ListItem","position":2,"name":"PRIVATE CHEF\u00a0"}]},{"@type":"WebSite","@id":"https:\/\/martinalegrechef.com\/de_CH\/#website","url":"https:\/\/martinalegrechef.com\/de_CH\/","name":"Martin Alegre","description":"Catering","publisher":{"@id":"https:\/\/martinalegrechef.com\/de_CH\/#organization"},"potentialAction":[{"@type":"SearchAction","target":{"@type":"EntryPoint","urlTemplate":"https:\/\/martinalegrechef.com\/de_CH\/?s={search_term_string}"},"query-input":"required name=search_term_string"}],"inLanguage":"es"},{"@type":"Organization","@id":"https:\/\/martinalegrechef.com\/de_CH\/#organization","name":"Martin Alegre","url":"https:\/\/martinalegrechef.com\/de_CH\/","sameAs":[],"logo":{"@type":"ImageObject","inLanguage":"es","@id":"https:\/\/martinalegrechef.com\/de_CH\/#\/schema\/logo\/image\/","url":"https:\/\/martinalegrechef.com\/wp-content\/uploads\/2020\/05\/logo-martin-alegre_Mesa-de-trabajo-1.png","contentUrl":"https:\/\/martinalegrechef.com\/wp-content\/uploads\/2020\/05\/logo-martin-alegre_Mesa-de-trabajo-1.png","width":407,"height":108,"caption":"Martin Alegre "},"image":{"@id":"https:\/\/martinalegrechef.com\/de_CH\/#\/schema\/logo\/image\/"}}]}},"_links":{"self":[{"href":"https:\/\/martinalegrechef.com\/de_CH\/wp-json\/wp\/v2\/pages\/162"}],"collection":[{"href":"https:\/\/martinalegrechef.com\/de_CH\/wp-json\/wp\/v2\/pages"}],"about":[{"href":"https:\/\/martinalegrechef.com\/de_CH\/wp-json\/wp\/v2\/types\/page"}],"author":[{"embeddable":true,"href":"https:\/\/martinalegrechef.com\/de_CH\/wp-json\/wp\/v2\/users\/1"}],"replies":[{"embeddable":true,"href":"https:\/\/martinalegrechef.com\/de_CH\/wp-json\/wp\/v2\/comments?post=162"}],"version-history":[{"count":42,"href":"https:\/\/martinalegrechef.com\/de_CH\/wp-json\/wp\/v2\/pages\/162\/revisions"}],"predecessor-version":[{"id":844,"href":"https:\/\/martinalegrechef.com\/de_CH\/wp-json\/wp\/v2\/pages\/162\/revisions\/844"}],"wp:attachment":[{"href":"https:\/\/martinalegrechef.com\/de_CH\/wp-json\/wp\/v2\/media?parent=162"}],"curies":[{"name":"wp","href":"https:\/\/api.w.org\/{rel}","templated":true}]}}