{"id":168,"date":"2020-05-07T19:58:23","date_gmt":"2020-05-07T19:58:23","guid":{"rendered":"http:\/\/martinalegrechef.com\/?page_id=168"},"modified":"2022-08-09T20:29:00","modified_gmt":"2022-08-09T20:29:00","slug":"workshops","status":"publish","type":"page","link":"https:\/\/martinalegrechef.com\/de_CH\/workshops\/","title":{"rendered":"KOCHKURS"},"content":{"rendered":"\n<h2>WORKSHOPS und KOCHKURSE<\/h2>\n\n<h3>Eine meiner grossen Leidenschaften ist es, mein Wissen \u00fcber diverse Kochtechniken, die ich auf der ganzen Welt erworben habe, weiterzugeben.\u00a0<\/h3>\n\n<p>Aus diesem Grund unterrichte ich regelm\u00e4ssig innerhalb von Workshops und Kochkursen zu verschiedenen Themen, wie beispielsweise die Verwendung von allt\u00e4glichen Ausgangsprodukten zur Kreation von neuen interessanten Gerichten, die St\u00e4rkung des Bewusstseins f\u00fcr eine ausgewogene und abwechslungsreiche Ern\u00e4hrung oder die Vermittlung fremdl\u00e4ndischer K\u00fcchen und vieles mehr.<\/p>\n\n<p>In jedem Workshop lernst Du Vorspeisen, Hauptgerichte und k\u00f6stliche und nahrhafte Desserts zuzubereiten.<\/p>\n\n<figure class=\"wp-block-image alignfull size-large\"><img width=\"472\" height=\"387\" class=\"wp-image-376\" src=\"http:\/\/martinalegrechef.com\/wp-content\/uploads\/2020\/05\/portada-workshops.jpg\" alt=\"\" srcset=\"https:\/\/martinalegrechef.com\/wp-content\/uploads\/2020\/05\/portada-workshops.jpg 472w, https:\/\/martinalegrechef.com\/wp-content\/uploads\/2020\/05\/portada-workshops-300x246.jpg 300w\" sizes=\"(max-width: 472px) 100vw, 472px\" \/><\/figure>\n<hr class=\"wp-block-separator is-style-dots\" \/>\n<h2>Einige Themen der Workshops sind:<\/h2>\n<ul>\n<li>Argentinische K\u00fcche<\/li>\n<li>Gesunde K\u00fcche<\/li>\n<li>Einfache K\u00fcche<\/li>\n<li>Vegetarische K\u00fcche<\/li>\n<li>Vegane K\u00fcche<\/li>\n<li>Zubereitung von Fleisch und Poulet sowie Saucen<\/li>\n<li>Zubereitung von frischer selbstgemachter Pasta und Saucen<\/li>\n<li>Sushi<\/li>\n<li>Eingemachtes und Eingelegtes<\/li>\n<\/ul>\n<p><strong>KONTAKT<\/strong><\/p>\n<p><a href=\"mailto:martinalegre.gastronomia@gmail.com\">martinalegre.gastronomia@gmail.com<\/a><\/p>\n<p>\u200bTELEFON: +41 76 571 01 81<\/p>\n<hr class=\"wp-block-separator is-style-dots\" \/>\n<h2>ICH M\u00d6CHTE MEHR WISSEN!<\/h2>\n\n<div class=\"wpforms-container wpforms-container-full\" id=\"wpforms-387\"><form id=\"wpforms-form-387\" class=\"wpforms-validate wpforms-form\" data-formid=\"387\" method=\"post\" enctype=\"multipart\/form-data\" action=\"\/de_CH\/wp-json\/wp\/v2\/pages\/168\" data-token=\"40e9a733fcad8cb8b8b627b0e37bc7a1\"><noscript class=\"wpforms-error-noscript\">Por favor, activa JavaScript en tu navegador para completar este formulario.<\/noscript><div class=\"wpforms-field-container\"><div id=\"wpforms-387-field_0-container\" class=\"wpforms-field wpforms-field-name\" data-field-id=\"0\"><label class=\"wpforms-field-label\" for=\"wpforms-387-field_0\">Nombre <span class=\"wpforms-required-label\">*<\/span><\/label><div class=\"wpforms-field-row wpforms-field-medium\"><div class=\"wpforms-field-row-block wpforms-first wpforms-one-half\"><input type=\"text\" id=\"wpforms-387-field_0\" class=\"wpforms-field-name-first wpforms-field-required\" name=\"wpforms[fields][0][first]\" required><label for=\"wpforms-387-field_0\" class=\"wpforms-field-sublabel after \">Nombre<\/label><\/div><div class=\"wpforms-field-row-block wpforms-one-half\"><input type=\"text\" id=\"wpforms-387-field_0-last\" class=\"wpforms-field-name-last wpforms-field-required\" name=\"wpforms[fields][0][last]\" required><label for=\"wpforms-387-field_0-last\" class=\"wpforms-field-sublabel after \">Apellidos<\/label><\/div><\/div><\/div><div id=\"wpforms-387-field_1-container\" class=\"wpforms-field wpforms-field-email\" data-field-id=\"1\"><label class=\"wpforms-field-label\" for=\"wpforms-387-field_1\">Correo electr\u00f3nico <span class=\"wpforms-required-label\">*<\/span><\/label><input type=\"email\" id=\"wpforms-387-field_1\" class=\"wpforms-field-medium wpforms-field-required\" name=\"wpforms[fields][1]\" required><\/div><div id=\"wpforms-387-field_2-container\" class=\"wpforms-field wpforms-field-textarea\" data-field-id=\"2\"><label class=\"wpforms-field-label\" for=\"wpforms-387-field_2\">Comentario o mensaje <span class=\"wpforms-required-label\">*<\/span><\/label><textarea id=\"wpforms-387-field_2\" class=\"wpforms-field-medium wpforms-field-required\" name=\"wpforms[fields][2]\" required><\/textarea><\/div><\/div><div class=\"wpforms-field wpforms-field-hp\"><label for=\"wpforms-387-field-hp\" class=\"wpforms-field-label\">Name<\/label><input type=\"text\" name=\"wpforms[hp]\" id=\"wpforms-387-field-hp\" class=\"wpforms-field-medium\"><\/div><div class=\"wpforms-submit-container\"><input type=\"hidden\" name=\"wpforms[id]\" value=\"387\"><input type=\"hidden\" name=\"wpforms[author]\" value=\"1\"><button type=\"submit\" name=\"wpforms[submit]\" id=\"wpforms-submit-387\" class=\"wpforms-submit\" data-alt-text=\"Enviando...\" data-submit-text=\"Enviar\" aria-live=\"assertive\" value=\"wpforms-submit\">Enviar<\/button><\/div><\/form><\/div>  <!-- .wpforms-container -->\n<hr class=\"wp-block-separator is-style-dots\" \/>\n<h2>K\u00dcCHENWORKSHOPS FOTOS<\/h2>\n\n<figure class=\"wp-container-2 wp-block-gallery-1 wp-block-gallery columns-3 is-cropped\">\n<ul class=\"blocks-gallery-grid\">\n<li class=\"blocks-gallery-item\">\n<figure><img width=\"1024\" height=\"682\" class=\"wp-image-365\" src=\"http:\/\/martinalegrechef.com\/wp-content\/uploads\/2020\/05\/IMG_1657-1-1024x682.jpg\" alt=\"\" data-id=\"365\" data-full-url=\"http:\/\/martinalegrechef.com\/wp-content\/uploads\/2020\/05\/IMG_1657-1.jpg\" data-link=\"http:\/\/martinalegrechef.com\/index.php\/workshops\/img_1657-1\/#main\" srcset=\"https:\/\/martinalegrechef.com\/wp-content\/uploads\/2020\/05\/IMG_1657-1-1024x682.jpg 1024w, https:\/\/martinalegrechef.com\/wp-content\/uploads\/2020\/05\/IMG_1657-1-300x200.jpg 300w, https:\/\/martinalegrechef.com\/wp-content\/uploads\/2020\/05\/IMG_1657-1-768x512.jpg 768w, https:\/\/martinalegrechef.com\/wp-content\/uploads\/2020\/05\/IMG_1657-1-1536x1024.jpg 1536w, https:\/\/martinalegrechef.com\/wp-content\/uploads\/2020\/05\/IMG_1657-1.jpg 2000w\" sizes=\"(max-width: 1024px) 100vw, 1024px\" \/><\/figure>\n<\/li>\n<li class=\"blocks-gallery-item\">\n<figure><img width=\"1024\" height=\"682\" class=\"wp-image-366\" src=\"http:\/\/martinalegrechef.com\/wp-content\/uploads\/2020\/05\/IMG_1664-1-1024x682.jpg\" alt=\"\" data-id=\"366\" data-full-url=\"http:\/\/martinalegrechef.com\/wp-content\/uploads\/2020\/05\/IMG_1664-1.jpg\" data-link=\"http:\/\/martinalegrechef.com\/index.php\/workshops\/img_1664-1\/#main\" srcset=\"https:\/\/martinalegrechef.com\/wp-content\/uploads\/2020\/05\/IMG_1664-1-1024x682.jpg 1024w, https:\/\/martinalegrechef.com\/wp-content\/uploads\/2020\/05\/IMG_1664-1-300x200.jpg 300w, https:\/\/martinalegrechef.com\/wp-content\/uploads\/2020\/05\/IMG_1664-1-768x512.jpg 768w, https:\/\/martinalegrechef.com\/wp-content\/uploads\/2020\/05\/IMG_1664-1-1536x1024.jpg 1536w, https:\/\/martinalegrechef.com\/wp-content\/uploads\/2020\/05\/IMG_1664-1.jpg 2000w\" sizes=\"(max-width: 1024px) 100vw, 1024px\" \/><\/figure>\n<\/li>\n<li class=\"blocks-gallery-item\">\n<figure><img width=\"1024\" height=\"682\" class=\"wp-image-367\" src=\"http:\/\/martinalegrechef.com\/wp-content\/uploads\/2020\/05\/IMG_1690-1-1024x682.jpg\" alt=\"\" data-id=\"367\" data-full-url=\"http:\/\/martinalegrechef.com\/wp-content\/uploads\/2020\/05\/IMG_1690-1.jpg\" data-link=\"http:\/\/martinalegrechef.com\/index.php\/workshops\/img_1690-1\/#main\" srcset=\"https:\/\/martinalegrechef.com\/wp-content\/uploads\/2020\/05\/IMG_1690-1-1024x682.jpg 1024w, https:\/\/martinalegrechef.com\/wp-content\/uploads\/2020\/05\/IMG_1690-1-300x200.jpg 300w, https:\/\/martinalegrechef.com\/wp-content\/uploads\/2020\/05\/IMG_1690-1-768x512.jpg 768w, https:\/\/martinalegrechef.com\/wp-content\/uploads\/2020\/05\/IMG_1690-1-1536x1024.jpg 1536w, https:\/\/martinalegrechef.com\/wp-content\/uploads\/2020\/05\/IMG_1690-1.jpg 2000w\" sizes=\"(max-width: 1024px) 100vw, 1024px\" \/><\/figure>\n<\/li>\n<li class=\"blocks-gallery-item\">\n<figure><img width=\"1024\" height=\"682\" class=\"wp-image-368\" src=\"http:\/\/martinalegrechef.com\/wp-content\/uploads\/2020\/05\/IMG_1699-1-1024x682.jpg\" alt=\"\" data-id=\"368\" data-full-url=\"http:\/\/martinalegrechef.com\/wp-content\/uploads\/2020\/05\/IMG_1699-1.jpg\" data-link=\"http:\/\/martinalegrechef.com\/index.php\/workshops\/img_1699-1\/#main\" srcset=\"https:\/\/martinalegrechef.com\/wp-content\/uploads\/2020\/05\/IMG_1699-1-1024x682.jpg 1024w, https:\/\/martinalegrechef.com\/wp-content\/uploads\/2020\/05\/IMG_1699-1-300x200.jpg 300w, https:\/\/martinalegrechef.com\/wp-content\/uploads\/2020\/05\/IMG_1699-1-768x512.jpg 768w, https:\/\/martinalegrechef.com\/wp-content\/uploads\/2020\/05\/IMG_1699-1-1536x1024.jpg 1536w, https:\/\/martinalegrechef.com\/wp-content\/uploads\/2020\/05\/IMG_1699-1.jpg 2000w\" sizes=\"(max-width: 1024px) 100vw, 1024px\" \/><\/figure>\n<\/li>\n<li class=\"blocks-gallery-item\">\n<figure><img width=\"1024\" height=\"682\" class=\"wp-image-369\" src=\"http:\/\/martinalegrechef.com\/wp-content\/uploads\/2020\/05\/IMG_9544-1024x682.jpg\" alt=\"\" data-id=\"369\" data-full-url=\"http:\/\/martinalegrechef.com\/wp-content\/uploads\/2020\/05\/IMG_9544.jpg\" data-link=\"http:\/\/martinalegrechef.com\/index.php\/workshops\/img_9544\/#main\" srcset=\"https:\/\/martinalegrechef.com\/wp-content\/uploads\/2020\/05\/IMG_9544-1024x682.jpg 1024w, https:\/\/martinalegrechef.com\/wp-content\/uploads\/2020\/05\/IMG_9544-300x200.jpg 300w, https:\/\/martinalegrechef.com\/wp-content\/uploads\/2020\/05\/IMG_9544-768x512.jpg 768w, https:\/\/martinalegrechef.com\/wp-content\/uploads\/2020\/05\/IMG_9544-1536x1024.jpg 1536w, https:\/\/martinalegrechef.com\/wp-content\/uploads\/2020\/05\/IMG_9544.jpg 2000w\" sizes=\"(max-width: 1024px) 100vw, 1024px\" \/><\/figure>\n<\/li>\n<li class=\"blocks-gallery-item\">\n<figure><img width=\"1024\" height=\"682\" class=\"wp-image-370\" src=\"http:\/\/martinalegrechef.com\/wp-content\/uploads\/2020\/05\/IMG_9552-1024x682.jpg\" alt=\"\" data-id=\"370\" data-full-url=\"http:\/\/martinalegrechef.com\/wp-content\/uploads\/2020\/05\/IMG_9552.jpg\" data-link=\"http:\/\/martinalegrechef.com\/index.php\/workshops\/img_9552\/#main\" srcset=\"https:\/\/martinalegrechef.com\/wp-content\/uploads\/2020\/05\/IMG_9552-1024x682.jpg 1024w, https:\/\/martinalegrechef.com\/wp-content\/uploads\/2020\/05\/IMG_9552-300x200.jpg 300w, https:\/\/martinalegrechef.com\/wp-content\/uploads\/2020\/05\/IMG_9552-768x512.jpg 768w, https:\/\/martinalegrechef.com\/wp-content\/uploads\/2020\/05\/IMG_9552-1536x1024.jpg 1536w, https:\/\/martinalegrechef.com\/wp-content\/uploads\/2020\/05\/IMG_9552.jpg 2000w\" sizes=\"(max-width: 1024px) 100vw, 1024px\" \/><\/figure>\n<\/li>\n<li class=\"blocks-gallery-item\">\n<figure><img width=\"1024\" height=\"682\" class=\"wp-image-372\" src=\"http:\/\/martinalegrechef.com\/wp-content\/uploads\/2020\/05\/IMG_9557-1024x682.jpg\" alt=\"\" data-id=\"372\" data-full-url=\"http:\/\/martinalegrechef.com\/wp-content\/uploads\/2020\/05\/IMG_9557.jpg\" data-link=\"http:\/\/martinalegrechef.com\/index.php\/workshops\/img_9557\/#main\" srcset=\"https:\/\/martinalegrechef.com\/wp-content\/uploads\/2020\/05\/IMG_9557-1024x682.jpg 1024w, https:\/\/martinalegrechef.com\/wp-content\/uploads\/2020\/05\/IMG_9557-300x200.jpg 300w, https:\/\/martinalegrechef.com\/wp-content\/uploads\/2020\/05\/IMG_9557-768x512.jpg 768w, https:\/\/martinalegrechef.com\/wp-content\/uploads\/2020\/05\/IMG_9557-1536x1024.jpg 1536w, https:\/\/martinalegrechef.com\/wp-content\/uploads\/2020\/05\/IMG_9557.jpg 2000w\" sizes=\"(max-width: 1024px) 100vw, 1024px\" \/><\/figure>\n<\/li>\n<li class=\"blocks-gallery-item\">\n<figure><img width=\"1024\" height=\"682\" class=\"wp-image-373\" src=\"http:\/\/martinalegrechef.com\/wp-content\/uploads\/2020\/05\/IMG_9575-1024x682.jpg\" alt=\"\" data-id=\"373\" data-full-url=\"http:\/\/martinalegrechef.com\/wp-content\/uploads\/2020\/05\/IMG_9575.jpg\" data-link=\"http:\/\/martinalegrechef.com\/index.php\/workshops\/img_9575\/#main\" srcset=\"https:\/\/martinalegrechef.com\/wp-content\/uploads\/2020\/05\/IMG_9575-1024x682.jpg 1024w, https:\/\/martinalegrechef.com\/wp-content\/uploads\/2020\/05\/IMG_9575-300x200.jpg 300w, https:\/\/martinalegrechef.com\/wp-content\/uploads\/2020\/05\/IMG_9575-768x512.jpg 768w, https:\/\/martinalegrechef.com\/wp-content\/uploads\/2020\/05\/IMG_9575-1536x1024.jpg 1536w, https:\/\/martinalegrechef.com\/wp-content\/uploads\/2020\/05\/IMG_9575.jpg 2000w\" sizes=\"(max-width: 1024px) 100vw, 1024px\" \/><\/figure>\n<\/li>\n<li class=\"blocks-gallery-item\">\n<figure><img width=\"1024\" height=\"682\" class=\"wp-image-374\" src=\"http:\/\/martinalegrechef.com\/wp-content\/uploads\/2020\/05\/IMG_9586-1-1024x682.jpg\" alt=\"\" data-id=\"374\" data-full-url=\"http:\/\/martinalegrechef.com\/wp-content\/uploads\/2020\/05\/IMG_9586-1.jpg\" data-link=\"http:\/\/martinalegrechef.com\/index.php\/workshops\/img_9586-1\/#main\" srcset=\"https:\/\/martinalegrechef.com\/wp-content\/uploads\/2020\/05\/IMG_9586-1-1024x682.jpg 1024w, https:\/\/martinalegrechef.com\/wp-content\/uploads\/2020\/05\/IMG_9586-1-300x200.jpg 300w, https:\/\/martinalegrechef.com\/wp-content\/uploads\/2020\/05\/IMG_9586-1-768x512.jpg 768w, https:\/\/martinalegrechef.com\/wp-content\/uploads\/2020\/05\/IMG_9586-1-1536x1024.jpg 1536w, https:\/\/martinalegrechef.com\/wp-content\/uploads\/2020\/05\/IMG_9586-1.jpg 2000w\" sizes=\"(max-width: 1024px) 100vw, 1024px\" \/><\/figure>\n<\/li>\n<\/ul>\n<\/figure>\n<hr class=\"wp-block-separator is-style-dots\" \/>\n<h2>WORKSHOPS VIDEOS<\/h2>\n<p><iframe title=\"Talleres de Cocina Feria Salta\" width=\"1200\" height=\"675\" src=\"https:\/\/www.youtube.com\/embed\/B2PDFKha5QU?feature=oembed\" frameborder=\"0\" allow=\"accelerometer; autoplay; clipboard-write; encrypted-media; gyroscope; picture-in-picture\" allowfullscreen><\/iframe><\/p>\n<p>\u00a0<\/p>\n<p><iframe title=\"Talleres de Cocina - Fundaci\u00f3n Roberto Romero\" width=\"1200\" height=\"675\" src=\"https:\/\/www.youtube.com\/embed\/X96QZt9NfNQ?feature=oembed\" frameborder=\"0\" allow=\"accelerometer; autoplay; clipboard-write; encrypted-media; gyroscope; picture-in-picture\" allowfullscreen><\/iframe><\/p>\n<p><iframe title=\"Talleres de Cocina - Feria Abasto\" width=\"1200\" height=\"675\" src=\"https:\/\/www.youtube.com\/embed\/tYqsCduyxxI?feature=oembed\" frameborder=\"0\" allow=\"accelerometer; autoplay; clipboard-write; encrypted-media; gyroscope; picture-in-picture\" allowfullscreen><\/iframe><\/p>\n<p><iframe title=\"Talleres de Cocina\" width=\"1200\" height=\"675\" src=\"https:\/\/www.youtube.com\/embed\/A_CppKKIZbo?feature=oembed\" frameborder=\"0\" allow=\"accelerometer; autoplay; clipboard-write; encrypted-media; gyroscope; picture-in-picture\" allowfullscreen><\/iframe><\/p>\n<p><iframe title=\"Curso Inter IGA\" width=\"1200\" height=\"675\" src=\"https:\/\/www.youtube.com\/embed\/9851Ja5asj0?feature=oembed\" frameborder=\"0\" allow=\"accelerometer; autoplay; clipboard-write; encrypted-media; gyroscope; picture-in-picture\" allowfullscreen><\/iframe><\/p>\n<figure class=\"wp-block-embed-youtube wp-block-embed is-type-video is-provider-youtube wp-embed-aspect-16-9 wp-has-aspect-ratio\"><\/figure>\n","protected":false},"excerpt":{"rendered":"<p><!-- wp:heading --><\/p>\n<h2>WORKSHOPS und KOCHKURSE<\/h2>\n<p><!-- \/wp:heading --><!-- wp:heading {\"level\":3} --><\/p>\n<h3>Eine meiner grossen Leidenschaften ist es, mein Wissen \u00fcber diverse Kochtechniken, die ich auf der ganzen Welt erworben habe, weiterzugeben.\u00a0&#8230;<\/p>\n","protected":false},"author":1,"featured_media":0,"parent":0,"menu_order":0,"comment_status":"closed","ping_status":"closed","template":"","meta":[],"yoast_head":"<!-- This site is optimized with the Yoast SEO plugin v19.6 - https:\/\/yoast.com\/wordpress\/plugins\/seo\/ -->\n<title>KOCHKURS - Martin Alegre<\/title>\n<meta name=\"robots\" content=\"index, follow, max-snippet:-1, max-image-preview:large, max-video-preview:-1\" \/>\n<link rel=\"canonical\" href=\"https:\/\/martinalegrechef.com\/en_GB\/workshops\/\" \/>\n<meta property=\"og:locale\" content=\"es_ES\" \/>\n<meta property=\"og:type\" content=\"article\" \/>\n<meta property=\"og:title\" content=\"KOCHKURS - Martin Alegre\" \/>\n<meta property=\"og:description\" content=\"WORKSHOPS und KOCHKURSE Eine meiner grossen Leidenschaften ist es, mein Wissen \u00fcber diverse Kochtechniken, die ich auf der ganzen Welt erworben habe, weiterzugeben.\u00a0...\" \/>\n<meta property=\"og:url\" content=\"https:\/\/martinalegrechef.com\/en_GB\/workshops\/\" \/>\n<meta property=\"og:site_name\" content=\"Martin Alegre\" \/>\n<meta property=\"article:modified_time\" content=\"2022-08-09T20:29:00+00:00\" \/>\n<meta property=\"og:image\" content=\"http:\/\/martinalegrechef.com\/wp-content\/uploads\/2020\/05\/portada-workshops.jpg\" \/>\n<meta name=\"twitter:card\" content=\"summary_large_image\" \/>\n<meta name=\"twitter:label1\" content=\"Tiempo de lectura\" \/>\n\t<meta name=\"twitter:data1\" content=\"1 minuto\" \/>\n<script type=\"application\/ld+json\" class=\"yoast-schema-graph\">{\"@context\":\"https:\/\/schema.org\",\"@graph\":[{\"@type\":\"WebPage\",\"@id\":\"https:\/\/martinalegrechef.com\/en_GB\/workshops\/\",\"url\":\"https:\/\/martinalegrechef.com\/en_GB\/workshops\/\",\"name\":\"KOCHKURS - Martin Alegre\",\"isPartOf\":{\"@id\":\"https:\/\/martinalegrechef.com\/de_CH\/#website\"},\"datePublished\":\"2020-05-07T19:58:23+00:00\",\"dateModified\":\"2022-08-09T20:29:00+00:00\",\"breadcrumb\":{\"@id\":\"https:\/\/martinalegrechef.com\/en_GB\/workshops\/#breadcrumb\"},\"inLanguage\":\"es\",\"potentialAction\":[{\"@type\":\"ReadAction\",\"target\":[\"https:\/\/martinalegrechef.com\/en_GB\/workshops\/\"]}]},{\"@type\":\"BreadcrumbList\",\"@id\":\"https:\/\/martinalegrechef.com\/en_GB\/workshops\/#breadcrumb\",\"itemListElement\":[{\"@type\":\"ListItem\",\"position\":1,\"name\":\"Portada\",\"item\":\"https:\/\/martinalegrechef.com\/de_CH\/\"},{\"@type\":\"ListItem\",\"position\":2,\"name\":\"COCKING CLASS\"}]},{\"@type\":\"WebSite\",\"@id\":\"https:\/\/martinalegrechef.com\/de_CH\/#website\",\"url\":\"https:\/\/martinalegrechef.com\/de_CH\/\",\"name\":\"Martin Alegre\",\"description\":\"Catering\",\"publisher\":{\"@id\":\"https:\/\/martinalegrechef.com\/de_CH\/#organization\"},\"potentialAction\":[{\"@type\":\"SearchAction\",\"target\":{\"@type\":\"EntryPoint\",\"urlTemplate\":\"https:\/\/martinalegrechef.com\/de_CH\/?s={search_term_string}\"},\"query-input\":\"required name=search_term_string\"}],\"inLanguage\":\"es\"},{\"@type\":\"Organization\",\"@id\":\"https:\/\/martinalegrechef.com\/de_CH\/#organization\",\"name\":\"Martin Alegre\",\"url\":\"https:\/\/martinalegrechef.com\/de_CH\/\",\"sameAs\":[],\"logo\":{\"@type\":\"ImageObject\",\"inLanguage\":\"es\",\"@id\":\"https:\/\/martinalegrechef.com\/de_CH\/#\/schema\/logo\/image\/\",\"url\":\"https:\/\/martinalegrechef.com\/wp-content\/uploads\/2020\/05\/logo-martin-alegre_Mesa-de-trabajo-1.png\",\"contentUrl\":\"https:\/\/martinalegrechef.com\/wp-content\/uploads\/2020\/05\/logo-martin-alegre_Mesa-de-trabajo-1.png\",\"width\":407,\"height\":108,\"caption\":\"Martin Alegre \"},\"image\":{\"@id\":\"https:\/\/martinalegrechef.com\/de_CH\/#\/schema\/logo\/image\/\"}}]}<\/script>\n<!-- \/ Yoast SEO plugin. -->","yoast_head_json":{"title":"KOCHKURS - Martin Alegre","robots":{"index":"index","follow":"follow","max-snippet":"max-snippet:-1","max-image-preview":"max-image-preview:large","max-video-preview":"max-video-preview:-1"},"canonical":"https:\/\/martinalegrechef.com\/en_GB\/workshops\/","og_locale":"es_ES","og_type":"article","og_title":"KOCHKURS - Martin Alegre","og_description":"WORKSHOPS und KOCHKURSE Eine meiner grossen Leidenschaften ist es, mein Wissen \u00fcber diverse Kochtechniken, die ich auf der ganzen Welt erworben habe, weiterzugeben.\u00a0...","og_url":"https:\/\/martinalegrechef.com\/en_GB\/workshops\/","og_site_name":"Martin Alegre","article_modified_time":"2022-08-09T20:29:00+00:00","og_image":[{"url":"http:\/\/martinalegrechef.com\/wp-content\/uploads\/2020\/05\/portada-workshops.jpg"}],"twitter_card":"summary_large_image","twitter_misc":{"Tiempo de lectura":"1 minuto"},"schema":{"@context":"https:\/\/schema.org","@graph":[{"@type":"WebPage","@id":"https:\/\/martinalegrechef.com\/en_GB\/workshops\/","url":"https:\/\/martinalegrechef.com\/en_GB\/workshops\/","name":"KOCHKURS - Martin Alegre","isPartOf":{"@id":"https:\/\/martinalegrechef.com\/de_CH\/#website"},"datePublished":"2020-05-07T19:58:23+00:00","dateModified":"2022-08-09T20:29:00+00:00","breadcrumb":{"@id":"https:\/\/martinalegrechef.com\/en_GB\/workshops\/#breadcrumb"},"inLanguage":"es","potentialAction":[{"@type":"ReadAction","target":["https:\/\/martinalegrechef.com\/en_GB\/workshops\/"]}]},{"@type":"BreadcrumbList","@id":"https:\/\/martinalegrechef.com\/en_GB\/workshops\/#breadcrumb","itemListElement":[{"@type":"ListItem","position":1,"name":"Portada","item":"https:\/\/martinalegrechef.com\/de_CH\/"},{"@type":"ListItem","position":2,"name":"COCKING CLASS"}]},{"@type":"WebSite","@id":"https:\/\/martinalegrechef.com\/de_CH\/#website","url":"https:\/\/martinalegrechef.com\/de_CH\/","name":"Martin Alegre","description":"Catering","publisher":{"@id":"https:\/\/martinalegrechef.com\/de_CH\/#organization"},"potentialAction":[{"@type":"SearchAction","target":{"@type":"EntryPoint","urlTemplate":"https:\/\/martinalegrechef.com\/de_CH\/?s={search_term_string}"},"query-input":"required name=search_term_string"}],"inLanguage":"es"},{"@type":"Organization","@id":"https:\/\/martinalegrechef.com\/de_CH\/#organization","name":"Martin Alegre","url":"https:\/\/martinalegrechef.com\/de_CH\/","sameAs":[],"logo":{"@type":"ImageObject","inLanguage":"es","@id":"https:\/\/martinalegrechef.com\/de_CH\/#\/schema\/logo\/image\/","url":"https:\/\/martinalegrechef.com\/wp-content\/uploads\/2020\/05\/logo-martin-alegre_Mesa-de-trabajo-1.png","contentUrl":"https:\/\/martinalegrechef.com\/wp-content\/uploads\/2020\/05\/logo-martin-alegre_Mesa-de-trabajo-1.png","width":407,"height":108,"caption":"Martin Alegre "},"image":{"@id":"https:\/\/martinalegrechef.com\/de_CH\/#\/schema\/logo\/image\/"}}]}},"_links":{"self":[{"href":"https:\/\/martinalegrechef.com\/de_CH\/wp-json\/wp\/v2\/pages\/168"}],"collection":[{"href":"https:\/\/martinalegrechef.com\/de_CH\/wp-json\/wp\/v2\/pages"}],"about":[{"href":"https:\/\/martinalegrechef.com\/de_CH\/wp-json\/wp\/v2\/types\/page"}],"author":[{"embeddable":true,"href":"https:\/\/martinalegrechef.com\/de_CH\/wp-json\/wp\/v2\/users\/1"}],"replies":[{"embeddable":true,"href":"https:\/\/martinalegrechef.com\/de_CH\/wp-json\/wp\/v2\/comments?post=168"}],"version-history":[{"count":29,"href":"https:\/\/martinalegrechef.com\/de_CH\/wp-json\/wp\/v2\/pages\/168\/revisions"}],"predecessor-version":[{"id":842,"href":"https:\/\/martinalegrechef.com\/de_CH\/wp-json\/wp\/v2\/pages\/168\/revisions\/842"}],"wp:attachment":[{"href":"https:\/\/martinalegrechef.com\/de_CH\/wp-json\/wp\/v2\/media?parent=168"}],"curies":[{"name":"wp","href":"https:\/\/api.w.org\/{rel}","templated":true}]}}