{"id":2,"date":"2020-05-06T17:01:25","date_gmt":"2020-05-06T17:01:25","guid":{"rendered":"http:\/\/martinalegrechef.com\/?page_id=2"},"modified":"2022-08-10T11:53:21","modified_gmt":"2022-08-10T11:53:21","slug":"sample-page","status":"publish","type":"page","link":"https:\/\/martinalegrechef.com\/de_CH\/","title":{"rendered":"START"},"content":{"rendered":"\r\n<h2><a href=\"https:\/\/martinalegrechef.com\/de_CH\/ruta40\/\">Privatkoch, Catering und Kochkurse<\/a><\/h2>\r\n\r\n<p>&nbsp;<\/p>\r\n\r\n<p><a href=\"https:\/\/martinalegrechef.com\/de_CH\/ruta40\/\">Martin Alegre &#8211; Chef de Cuisine: Privatkoch, Catering und Kochkurse<\/a><\/p>\r\n\r\n<p>&nbsp;<\/p>\r\n\r\n<figure class=\"wp-block-image alignfull size-large\"><a href=\"https:\/\/martinalegrechef.com\/de_CH\/ruta40\/\"><img width=\"1024\" height=\"1024\" class=\"wp-image-258\" src=\"http:\/\/martinalegrechef.com\/wp-content\/uploads\/2020\/05\/IMG-1831-1024x1024.jpg\" alt=\"\" srcset=\"https:\/\/martinalegrechef.com\/wp-content\/uploads\/2020\/05\/IMG-1831-1024x1024.jpg 1024w, https:\/\/martinalegrechef.com\/wp-content\/uploads\/2020\/05\/IMG-1831-300x300.jpg 300w, https:\/\/martinalegrechef.com\/wp-content\/uploads\/2020\/05\/IMG-1831-150x150.jpg 150w, https:\/\/martinalegrechef.com\/wp-content\/uploads\/2020\/05\/IMG-1831-768x768.jpg 768w, https:\/\/martinalegrechef.com\/wp-content\/uploads\/2020\/05\/IMG-1831.jpg 1080w\" sizes=\"(max-width: 1024px) 100vw, 1024px\" \/><\/a><\/figure>\r\n\r\n<p>&nbsp;<\/p>\r\n\r\n<p><a href=\"https:\/\/martinalegrechef.com\/de_CH\/ruta40\/\">Martin Alegre &#8211; Chef de Cuisine\u00a0<\/a><br \/><a href=\"https:\/\/martinalegrechef.com\/de_CH\/ruta40\/\">Privatkoch, Catering und Kochkurse<\/a><\/p>\r\n\r\n<p>&nbsp;<\/p>\r\n<hr class=\"wp-block-separator is-style-dots\" \/>\r\n<p>&nbsp;<\/p>\r\n\r\n<h2><a href=\"http:\/\/martinalegrechef.com\/index.php\/catering\/\">Catering und Privatkoch\u00a0<\/a><\/h2>\r\n\r\n<p>&nbsp;<\/p>\r\n\r\n<figure class=\"wp-block-image alignfull size-large\"><a href=\"http:\/\/martinalegrechef.com\/index.php\/catering\/\"><img width=\"960\" height=\"640\" class=\"wp-image-278\" src=\"http:\/\/martinalegrechef.com\/wp-content\/uploads\/2020\/05\/catering-boton.jpg\" alt=\"\" srcset=\"https:\/\/martinalegrechef.com\/wp-content\/uploads\/2020\/05\/catering-boton.jpg 960w, https:\/\/martinalegrechef.com\/wp-content\/uploads\/2020\/05\/catering-boton-300x200.jpg 300w, https:\/\/martinalegrechef.com\/wp-content\/uploads\/2020\/05\/catering-boton-768x512.jpg 768w\" sizes=\"(max-width: 960px) 100vw, 960px\" \/><\/a><\/figure>\r\n\r\n<p>&nbsp;<\/p>\r\n\r\n<p><a href=\"http:\/\/martinalegrechef.com\/index.php\/catering\/\">Jede Anfrage, jeder Event, jedes Fest ist einzigartig. Wie jeder Moment, in dem wir leben &#8211; einmalig und unersetzlich. Mein Hauptanliegen ist es, auf Ihre ganz besonderen und individuellen Bed\u00fcrfnisse und W\u00fcnsche einzugehen. Denn in meiner Arbeit steckt viel Herz.<\/a><br \/><a href=\"http:\/\/martinalegrechef.com\/index.php\/catering\/\">Privat- und Firmencatering.<\/a><\/p>\r\n\r\n<p>&nbsp;<\/p>\r\n<hr class=\"wp-block-separator is-style-dots\" \/>\r\n<p>&nbsp;<\/p>\r\n\r\n<h2><a href=\"http:\/\/martinalegrechef.com\/index.php\/meine-kuche\/\">Kochkurse<\/a><\/h2>\r\n\r\n<p>&nbsp;<\/p>\r\n\r\n<figure class=\"wp-block-image alignfull size-large\"><a href=\"http:\/\/martinalegrechef.com\/index.php\/meine-kuche\/\"><img width=\"1024\" height=\"683\" class=\"wp-image-282\" src=\"http:\/\/martinalegrechef.com\/wp-content\/uploads\/2020\/05\/IMG_5562-1-1024x683.jpg\" alt=\"\" srcset=\"https:\/\/martinalegrechef.com\/wp-content\/uploads\/2020\/05\/IMG_5562-1-1024x683.jpg 1024w, https:\/\/martinalegrechef.com\/wp-content\/uploads\/2020\/05\/IMG_5562-1-300x200.jpg 300w, https:\/\/martinalegrechef.com\/wp-content\/uploads\/2020\/05\/IMG_5562-1-768x512.jpg 768w\" sizes=\"(max-width: 1024px) 100vw, 1024px\" \/><\/a><\/figure>\r\n\r\n<p>&nbsp;<\/p>\r\n\r\n<p><a href=\"http:\/\/martinalegrechef.com\/index.php\/meine-kuche\/\">Meine K\u00fcche findet Ihren Ausdruck \u00fcber Aromen, Ausgewogenheit und Dekoration.<\/a><\/p>\r\n\r\n<p>&nbsp;<\/p>\r\n<hr class=\"wp-block-separator is-style-dots\" \/>\r\n<p>&nbsp;<\/p>\r\n\r\n<h2><a href=\"http:\/\/martinalegrechef.com\/videos\/\">Outdoor&#8217;s &#8211; Landschaften und Ihre individuellen Geschmacksrichtungen<\/a><\/h2>\r\n\r\n<p>&nbsp;<\/p>\r\n\r\n<figure class=\"wp-block-image alignfull size-large\"><a href=\"http:\/\/martinalegrechef.com\/videos\/\"><img class=\"alignnone wp-image-285\" src=\"http:\/\/martinalegrechef.com\/wp-content\/uploads\/2020\/05\/Outdoors_Team-1024x576.jpg\" alt=\"\" width=\"1024\" height=\"576\" srcset=\"https:\/\/martinalegrechef.com\/wp-content\/uploads\/2020\/05\/Outdoors_Team-1024x576.jpg 1024w, https:\/\/martinalegrechef.com\/wp-content\/uploads\/2020\/05\/Outdoors_Team-300x169.jpg 300w, https:\/\/martinalegrechef.com\/wp-content\/uploads\/2020\/05\/Outdoors_Team-768x432.jpg 768w, https:\/\/martinalegrechef.com\/wp-content\/uploads\/2020\/05\/Outdoors_Team.jpg 1280w\" sizes=\"(max-width: 1024px) 100vw, 1024px\" \/><\/a><\/figure>\r\n\r\n<p>&nbsp;<\/p>\r\n\r\n<p><a href=\"http:\/\/martinalegrechef.com\/videos\/\">Im Freien zu kochen geh\u00f6rt zu meinen gr\u00f6ssten Leidenschaften, da ich dadurch kombinieren kann, was mir am besten gef\u00e4llt: Reisen und Gastronomie<\/a><\/p>\r\n","protected":false},"excerpt":{"rendered":"<p><!-- wp:heading --><\/p>\n<h2><a href=\"https:\/\/martinalegrechef.com\/de_CH\/ruta40\/\">Privatkoch, Catering und Kochkurse<\/a><\/h2>\n<p><!-- \/wp:heading --><\/p>\n<p>&nbsp;<\/p>\n<p><!-- wp:paragraph --><\/p>\n<p><a href=\"https:\/\/martinalegrechef.com\/de_CH\/ruta40\/\">Martin Alegre&#8230;<\/p>\n","protected":false},"author":1,"featured_media":0,"parent":0,"menu_order":0,"comment_status":"closed","ping_status":"open","template":"","meta":[],"yoast_head":"<!-- This site is optimized with the Yoast SEO plugin v19.6 - https:\/\/yoast.com\/wordpress\/plugins\/seo\/ -->\n<title>START - Martin Alegre<\/title>\n<meta name=\"robots\" content=\"index, follow, max-snippet:-1, max-image-preview:large, max-video-preview:-1\" \/>\n<link rel=\"canonical\" href=\"https:\/\/martinalegrechef.com\/de_CH\/\" \/>\n<meta property=\"og:locale\" content=\"es_ES\" \/>\n<meta property=\"og:type\" content=\"article\" \/>\n<meta property=\"og:title\" content=\"START - Martin Alegre\" \/>\n<meta property=\"og:description\" content=\"Privatkoch, Catering und Kochkurse  &nbsp;  Martin Alegre...\" \/>\n<meta property=\"og:url\" content=\"https:\/\/martinalegrechef.com\/de_CH\/\" \/>\n<meta property=\"og:site_name\" content=\"Martin Alegre\" \/>\n<meta property=\"article:modified_time\" content=\"2022-08-10T11:53:21+00:00\" \/>\n<meta property=\"og:image\" content=\"http:\/\/martinalegrechef.com\/wp-content\/uploads\/2020\/05\/IMG-1831-1024x1024.jpg\" \/>\n<meta name=\"twitter:card\" content=\"summary_large_image\" \/>\n<meta name=\"twitter:label1\" content=\"Tiempo de lectura\" \/>\n\t<meta name=\"twitter:data1\" content=\"1 minuto\" \/>\n<script type=\"application\/ld+json\" class=\"yoast-schema-graph\">{\"@context\":\"https:\/\/schema.org\",\"@graph\":[{\"@type\":\"WebPage\",\"@id\":\"https:\/\/martinalegrechef.com\/de_CH\/\",\"url\":\"https:\/\/martinalegrechef.com\/de_CH\/\",\"name\":\"START - Martin Alegre\",\"isPartOf\":{\"@id\":\"https:\/\/martinalegrechef.com\/de_CH\/#website\"},\"datePublished\":\"2020-05-06T17:01:25+00:00\",\"dateModified\":\"2022-08-10T11:53:21+00:00\",\"breadcrumb\":{\"@id\":\"https:\/\/martinalegrechef.com\/de_CH\/#breadcrumb\"},\"inLanguage\":\"es\",\"potentialAction\":[{\"@type\":\"ReadAction\",\"target\":[\"https:\/\/martinalegrechef.com\/de_CH\/\"]}]},{\"@type\":\"BreadcrumbList\",\"@id\":\"https:\/\/martinalegrechef.com\/de_CH\/#breadcrumb\",\"itemListElement\":[{\"@type\":\"ListItem\",\"position\":1,\"name\":\"Portada\",\"item\":\"https:\/\/martinalegrechef.com\/de_CH\/\"},{\"@type\":\"ListItem\",\"position\":2,\"name\":\"START\"}]},{\"@type\":\"WebSite\",\"@id\":\"https:\/\/martinalegrechef.com\/de_CH\/#website\",\"url\":\"https:\/\/martinalegrechef.com\/de_CH\/\",\"name\":\"Martin Alegre\",\"description\":\"Catering\",\"publisher\":{\"@id\":\"https:\/\/martinalegrechef.com\/de_CH\/#organization\"},\"potentialAction\":[{\"@type\":\"SearchAction\",\"target\":{\"@type\":\"EntryPoint\",\"urlTemplate\":\"https:\/\/martinalegrechef.com\/de_CH\/?s={search_term_string}\"},\"query-input\":\"required name=search_term_string\"}],\"inLanguage\":\"es\"},{\"@type\":\"Organization\",\"@id\":\"https:\/\/martinalegrechef.com\/de_CH\/#organization\",\"name\":\"Martin Alegre\",\"url\":\"https:\/\/martinalegrechef.com\/de_CH\/\",\"sameAs\":[],\"logo\":{\"@type\":\"ImageObject\",\"inLanguage\":\"es\",\"@id\":\"https:\/\/martinalegrechef.com\/de_CH\/#\/schema\/logo\/image\/\",\"url\":\"https:\/\/martinalegrechef.com\/wp-content\/uploads\/2020\/05\/logo-martin-alegre_Mesa-de-trabajo-1.png\",\"contentUrl\":\"https:\/\/martinalegrechef.com\/wp-content\/uploads\/2020\/05\/logo-martin-alegre_Mesa-de-trabajo-1.png\",\"width\":407,\"height\":108,\"caption\":\"Martin Alegre \"},\"image\":{\"@id\":\"https:\/\/martinalegrechef.com\/de_CH\/#\/schema\/logo\/image\/\"}}]}<\/script>\n<!-- \/ Yoast SEO plugin. -->","yoast_head_json":{"title":"START - Martin Alegre","robots":{"index":"index","follow":"follow","max-snippet":"max-snippet:-1","max-image-preview":"max-image-preview:large","max-video-preview":"max-video-preview:-1"},"canonical":"https:\/\/martinalegrechef.com\/de_CH\/","og_locale":"es_ES","og_type":"article","og_title":"START - Martin Alegre","og_description":"Privatkoch, Catering und Kochkurse  &nbsp;  Martin Alegre...","og_url":"https:\/\/martinalegrechef.com\/de_CH\/","og_site_name":"Martin Alegre","article_modified_time":"2022-08-10T11:53:21+00:00","og_image":[{"url":"http:\/\/martinalegrechef.com\/wp-content\/uploads\/2020\/05\/IMG-1831-1024x1024.jpg"}],"twitter_card":"summary_large_image","twitter_misc":{"Tiempo de lectura":"1 minuto"},"schema":{"@context":"https:\/\/schema.org","@graph":[{"@type":"WebPage","@id":"https:\/\/martinalegrechef.com\/de_CH\/","url":"https:\/\/martinalegrechef.com\/de_CH\/","name":"START - Martin Alegre","isPartOf":{"@id":"https:\/\/martinalegrechef.com\/de_CH\/#website"},"datePublished":"2020-05-06T17:01:25+00:00","dateModified":"2022-08-10T11:53:21+00:00","breadcrumb":{"@id":"https:\/\/martinalegrechef.com\/de_CH\/#breadcrumb"},"inLanguage":"es","potentialAction":[{"@type":"ReadAction","target":["https:\/\/martinalegrechef.com\/de_CH\/"]}]},{"@type":"BreadcrumbList","@id":"https:\/\/martinalegrechef.com\/de_CH\/#breadcrumb","itemListElement":[{"@type":"ListItem","position":1,"name":"Portada","item":"https:\/\/martinalegrechef.com\/de_CH\/"},{"@type":"ListItem","position":2,"name":"START"}]},{"@type":"WebSite","@id":"https:\/\/martinalegrechef.com\/de_CH\/#website","url":"https:\/\/martinalegrechef.com\/de_CH\/","name":"Martin Alegre","description":"Catering","publisher":{"@id":"https:\/\/martinalegrechef.com\/de_CH\/#organization"},"potentialAction":[{"@type":"SearchAction","target":{"@type":"EntryPoint","urlTemplate":"https:\/\/martinalegrechef.com\/de_CH\/?s={search_term_string}"},"query-input":"required name=search_term_string"}],"inLanguage":"es"},{"@type":"Organization","@id":"https:\/\/martinalegrechef.com\/de_CH\/#organization","name":"Martin Alegre","url":"https:\/\/martinalegrechef.com\/de_CH\/","sameAs":[],"logo":{"@type":"ImageObject","inLanguage":"es","@id":"https:\/\/martinalegrechef.com\/de_CH\/#\/schema\/logo\/image\/","url":"https:\/\/martinalegrechef.com\/wp-content\/uploads\/2020\/05\/logo-martin-alegre_Mesa-de-trabajo-1.png","contentUrl":"https:\/\/martinalegrechef.com\/wp-content\/uploads\/2020\/05\/logo-martin-alegre_Mesa-de-trabajo-1.png","width":407,"height":108,"caption":"Martin Alegre "},"image":{"@id":"https:\/\/martinalegrechef.com\/de_CH\/#\/schema\/logo\/image\/"}}]}},"_links":{"self":[{"href":"https:\/\/martinalegrechef.com\/de_CH\/wp-json\/wp\/v2\/pages\/2"}],"collection":[{"href":"https:\/\/martinalegrechef.com\/de_CH\/wp-json\/wp\/v2\/pages"}],"about":[{"href":"https:\/\/martinalegrechef.com\/de_CH\/wp-json\/wp\/v2\/types\/page"}],"author":[{"embeddable":true,"href":"https:\/\/martinalegrechef.com\/de_CH\/wp-json\/wp\/v2\/users\/1"}],"replies":[{"embeddable":true,"href":"https:\/\/martinalegrechef.com\/de_CH\/wp-json\/wp\/v2\/comments?post=2"}],"version-history":[{"count":83,"href":"https:\/\/martinalegrechef.com\/de_CH\/wp-json\/wp\/v2\/pages\/2\/revisions"}],"predecessor-version":[{"id":851,"href":"https:\/\/martinalegrechef.com\/de_CH\/wp-json\/wp\/v2\/pages\/2\/revisions\/851"}],"wp:attachment":[{"href":"https:\/\/martinalegrechef.com\/de_CH\/wp-json\/wp\/v2\/media?parent=2"}],"curies":[{"name":"wp","href":"https:\/\/api.w.org\/{rel}","templated":true}]}}