{"id":468,"date":"2020-05-15T13:27:56","date_gmt":"2020-05-15T13:27:56","guid":{"rendered":"http:\/\/martinalegrechef.com\/?page_id=468"},"modified":"2022-08-24T11:03:44","modified_gmt":"2022-08-24T11:03:44","slug":"menuoptionen","status":"publish","type":"page","link":"https:\/\/martinalegrechef.com\/de_CH\/menuoptionen\/","title":{"rendered":"CATERING"},"content":{"rendered":"<h1>OPTIONEN, DIE WIR F\u00dcR SIE HABEN<\/h1>\n<h2>Menu Apero:\u00a0Finger food<\/h2>\n<p>Hummus<\/p>\n<p>spanische Tortilla<\/p>\n<p>Gebackene Kartoffeln mit Sour Cream<\/p>\n<p>Caprese Bruschetta<\/p>\n<p>Garnelenbruschetta mit Tartarsauce<\/p>\n<p>Nachos mit Guacamole<\/p>\n<p>Chips<\/p>\n<p>Brot<\/p>\n<h3>Nachspeise:<\/h3>\n<p>Beerenkuchen<\/p>\n<p>Brownie<\/p>\n<h2>Menu Grill<\/h2>\n<h3>Vorspeise:<\/h3>\n<p>Zwei\u00a0Empanadas pro Person plus Chimichurri-Sauce.<\/p>\n<p>Pulled Beef Empanadas (Zwiebeln, gr\u00fcne Zwiebeln)<\/p>\n<p>Empanada de humita (Mais, Zwiebeln, K\u00e4se und Basilikum)<\/p>\n<h3>Grill:<\/h3>\n<p>Chorizo<\/p>\n<p>Entrecote<\/p>\n<p>Entra\u00f1a<\/p>\n<p>Steak (wahlweise)<\/p>\n<p>Gegrilltes Gem\u00fcse<\/p>\n<p>Baked potatoes mit K\u00e4se und gr\u00fcner So\u00dfe<\/p>\n<h3><\/h3>\n<h3>Nachspeise:<\/h3>\n<p>Zitronencreme mit Fr\u00fcchten der Saison<\/p>\n<p>Brownie<\/p>\n","protected":false},"excerpt":{"rendered":"<h1>OPTIONEN, DIE WIR F\u00dcR SIE HABEN<\/h1>\n<h2>Menu Apero:\u00a0Finger food<\/h2>\n<p>Hummus<\/p>\n<p>spanische Tortilla<\/p>\n<p>Gebackene Kartoffeln mit Sour Cream<\/p>\n<p>Caprese Bruschetta<\/p>\n<p>Garnelenbruschetta mit Tartarsauce<\/p>\n<p>Nachos mit Guacamole<\/p>\n<p>Chips<\/p>\n<p>Brot<\/p>\n<h3>&#8230;<\/p>\n","protected":false},"author":1,"featured_media":0,"parent":0,"menu_order":0,"comment_status":"closed","ping_status":"closed","template":"","meta":[],"yoast_head":"<!-- This site is optimized with the Yoast SEO plugin v19.6 - https:\/\/yoast.com\/wordpress\/plugins\/seo\/ -->\n<title>CATERING - Martin Alegre<\/title>\n<meta name=\"robots\" content=\"index, follow, max-snippet:-1, max-image-preview:large, max-video-preview:-1\" \/>\n<link rel=\"canonical\" href=\"https:\/\/martinalegrechef.com\/de_CH\/menuoptionen\/\" \/>\n<meta property=\"og:locale\" content=\"es_ES\" \/>\n<meta property=\"og:type\" content=\"article\" \/>\n<meta property=\"og:title\" content=\"CATERING - Martin Alegre\" \/>\n<meta property=\"og:description\" content=\"OPTIONEN, DIE WIR F\u00dcR SIE HABEN Menu Apero:\u00a0Finger food Hummus  spanische Tortilla  Gebackene Kartoffeln mit Sour Cream  Caprese Bruschetta  Garnelenbruschetta mit Tartarsauce  Nachos mit Guacamole  Chips  Brot ...\" \/>\n<meta property=\"og:url\" content=\"https:\/\/martinalegrechef.com\/de_CH\/menuoptionen\/\" \/>\n<meta property=\"og:site_name\" content=\"Martin Alegre\" \/>\n<meta property=\"article:modified_time\" content=\"2022-08-24T11:03:44+00:00\" \/>\n<meta name=\"twitter:card\" content=\"summary_large_image\" \/>\n<meta name=\"twitter:label1\" content=\"Tiempo de lectura\" \/>\n\t<meta name=\"twitter:data1\" content=\"1 minuto\" \/>\n<script type=\"application\/ld+json\" class=\"yoast-schema-graph\">{\"@context\":\"https:\/\/schema.org\",\"@graph\":[{\"@type\":\"WebPage\",\"@id\":\"https:\/\/martinalegrechef.com\/de_CH\/menuoptionen\/\",\"url\":\"https:\/\/martinalegrechef.com\/de_CH\/menuoptionen\/\",\"name\":\"CATERING - Martin Alegre\",\"isPartOf\":{\"@id\":\"https:\/\/martinalegrechef.com\/de_CH\/#website\"},\"datePublished\":\"2020-05-15T13:27:56+00:00\",\"dateModified\":\"2022-08-24T11:03:44+00:00\",\"breadcrumb\":{\"@id\":\"https:\/\/martinalegrechef.com\/de_CH\/menuoptionen\/#breadcrumb\"},\"inLanguage\":\"es\",\"potentialAction\":[{\"@type\":\"ReadAction\",\"target\":[\"https:\/\/martinalegrechef.com\/de_CH\/menuoptionen\/\"]}]},{\"@type\":\"BreadcrumbList\",\"@id\":\"https:\/\/martinalegrechef.com\/de_CH\/menuoptionen\/#breadcrumb\",\"itemListElement\":[{\"@type\":\"ListItem\",\"position\":1,\"name\":\"Portada\",\"item\":\"https:\/\/martinalegrechef.com\/de_CH\/\"},{\"@type\":\"ListItem\",\"position\":2,\"name\":\"CATERING\"}]},{\"@type\":\"WebSite\",\"@id\":\"https:\/\/martinalegrechef.com\/de_CH\/#website\",\"url\":\"https:\/\/martinalegrechef.com\/de_CH\/\",\"name\":\"Martin Alegre\",\"description\":\"Catering\",\"publisher\":{\"@id\":\"https:\/\/martinalegrechef.com\/de_CH\/#organization\"},\"potentialAction\":[{\"@type\":\"SearchAction\",\"target\":{\"@type\":\"EntryPoint\",\"urlTemplate\":\"https:\/\/martinalegrechef.com\/de_CH\/?s={search_term_string}\"},\"query-input\":\"required name=search_term_string\"}],\"inLanguage\":\"es\"},{\"@type\":\"Organization\",\"@id\":\"https:\/\/martinalegrechef.com\/de_CH\/#organization\",\"name\":\"Martin Alegre\",\"url\":\"https:\/\/martinalegrechef.com\/de_CH\/\",\"sameAs\":[],\"logo\":{\"@type\":\"ImageObject\",\"inLanguage\":\"es\",\"@id\":\"https:\/\/martinalegrechef.com\/de_CH\/#\/schema\/logo\/image\/\",\"url\":\"https:\/\/martinalegrechef.com\/wp-content\/uploads\/2020\/05\/logo-martin-alegre_Mesa-de-trabajo-1.png\",\"contentUrl\":\"https:\/\/martinalegrechef.com\/wp-content\/uploads\/2020\/05\/logo-martin-alegre_Mesa-de-trabajo-1.png\",\"width\":407,\"height\":108,\"caption\":\"Martin Alegre \"},\"image\":{\"@id\":\"https:\/\/martinalegrechef.com\/de_CH\/#\/schema\/logo\/image\/\"}}]}<\/script>\n<!-- \/ Yoast SEO plugin. -->","yoast_head_json":{"title":"CATERING - Martin Alegre","robots":{"index":"index","follow":"follow","max-snippet":"max-snippet:-1","max-image-preview":"max-image-preview:large","max-video-preview":"max-video-preview:-1"},"canonical":"https:\/\/martinalegrechef.com\/de_CH\/menuoptionen\/","og_locale":"es_ES","og_type":"article","og_title":"CATERING - Martin Alegre","og_description":"OPTIONEN, DIE WIR F\u00dcR SIE HABEN Menu Apero:\u00a0Finger food Hummus  spanische Tortilla  Gebackene Kartoffeln mit Sour Cream  Caprese Bruschetta  Garnelenbruschetta mit Tartarsauce  Nachos mit Guacamole  Chips  Brot ...","og_url":"https:\/\/martinalegrechef.com\/de_CH\/menuoptionen\/","og_site_name":"Martin Alegre","article_modified_time":"2022-08-24T11:03:44+00:00","twitter_card":"summary_large_image","twitter_misc":{"Tiempo de lectura":"1 minuto"},"schema":{"@context":"https:\/\/schema.org","@graph":[{"@type":"WebPage","@id":"https:\/\/martinalegrechef.com\/de_CH\/menuoptionen\/","url":"https:\/\/martinalegrechef.com\/de_CH\/menuoptionen\/","name":"CATERING - Martin Alegre","isPartOf":{"@id":"https:\/\/martinalegrechef.com\/de_CH\/#website"},"datePublished":"2020-05-15T13:27:56+00:00","dateModified":"2022-08-24T11:03:44+00:00","breadcrumb":{"@id":"https:\/\/martinalegrechef.com\/de_CH\/menuoptionen\/#breadcrumb"},"inLanguage":"es","potentialAction":[{"@type":"ReadAction","target":["https:\/\/martinalegrechef.com\/de_CH\/menuoptionen\/"]}]},{"@type":"BreadcrumbList","@id":"https:\/\/martinalegrechef.com\/de_CH\/menuoptionen\/#breadcrumb","itemListElement":[{"@type":"ListItem","position":1,"name":"Portada","item":"https:\/\/martinalegrechef.com\/de_CH\/"},{"@type":"ListItem","position":2,"name":"CATERING"}]},{"@type":"WebSite","@id":"https:\/\/martinalegrechef.com\/de_CH\/#website","url":"https:\/\/martinalegrechef.com\/de_CH\/","name":"Martin Alegre","description":"Catering","publisher":{"@id":"https:\/\/martinalegrechef.com\/de_CH\/#organization"},"potentialAction":[{"@type":"SearchAction","target":{"@type":"EntryPoint","urlTemplate":"https:\/\/martinalegrechef.com\/de_CH\/?s={search_term_string}"},"query-input":"required name=search_term_string"}],"inLanguage":"es"},{"@type":"Organization","@id":"https:\/\/martinalegrechef.com\/de_CH\/#organization","name":"Martin Alegre","url":"https:\/\/martinalegrechef.com\/de_CH\/","sameAs":[],"logo":{"@type":"ImageObject","inLanguage":"es","@id":"https:\/\/martinalegrechef.com\/de_CH\/#\/schema\/logo\/image\/","url":"https:\/\/martinalegrechef.com\/wp-content\/uploads\/2020\/05\/logo-martin-alegre_Mesa-de-trabajo-1.png","contentUrl":"https:\/\/martinalegrechef.com\/wp-content\/uploads\/2020\/05\/logo-martin-alegre_Mesa-de-trabajo-1.png","width":407,"height":108,"caption":"Martin Alegre "},"image":{"@id":"https:\/\/martinalegrechef.com\/de_CH\/#\/schema\/logo\/image\/"}}]}},"_links":{"self":[{"href":"https:\/\/martinalegrechef.com\/de_CH\/wp-json\/wp\/v2\/pages\/468"}],"collection":[{"href":"https:\/\/martinalegrechef.com\/de_CH\/wp-json\/wp\/v2\/pages"}],"about":[{"href":"https:\/\/martinalegrechef.com\/de_CH\/wp-json\/wp\/v2\/types\/page"}],"author":[{"embeddable":true,"href":"https:\/\/martinalegrechef.com\/de_CH\/wp-json\/wp\/v2\/users\/1"}],"replies":[{"embeddable":true,"href":"https:\/\/martinalegrechef.com\/de_CH\/wp-json\/wp\/v2\/comments?post=468"}],"version-history":[{"count":16,"href":"https:\/\/martinalegrechef.com\/de_CH\/wp-json\/wp\/v2\/pages\/468\/revisions"}],"predecessor-version":[{"id":893,"href":"https:\/\/martinalegrechef.com\/de_CH\/wp-json\/wp\/v2\/pages\/468\/revisions\/893"}],"wp:attachment":[{"href":"https:\/\/martinalegrechef.com\/de_CH\/wp-json\/wp\/v2\/media?parent=468"}],"curies":[{"name":"wp","href":"https:\/\/api.w.org\/{rel}","templated":true}]}}